{"id":234,"date":"2021-07-15T10:11:49","date_gmt":"2021-07-15T14:11:49","guid":{"rendered":"https:\/\/masakosushibar.ca\/specialites-du-chef\/"},"modified":"2026-04-22T13:18:35","modified_gmt":"2026-04-22T17:18:35","slug":"chefs-specialties","status":"publish","type":"page","link":"https:\/\/masakosushibar.ca\/en\/chefs-specialties\/","title":{"rendered":"Chef&#8217;s Specialties"},"content":{"rendered":"<div class=\"wpb-content-wrapper\"><p>[vc_row][vc_column][vc_row_inner][vc_column_inner width=&#8221;5\/6&#8243;][vc_column_text]<\/p>\n<h3>SNOWBALL<\/h3>\n<p>Crispy bite sized pieces of shrimp tempura, coated with a creamy wasabi mayonnaise, topped with green onions, mango and sesame seeds[\/vc_column_text][\/vc_column_inner][vc_column_inner width=&#8221;1\/6&#8243;][vc_column_text css=&#8221;&#8221;]18.95[\/vc_column_text][\/vc_column_inner][\/vc_row_inner][vc_separator][vc_row_inner][vc_column_inner width=&#8221;5\/6&#8243;][vc_column_text]<\/p>\n<h3>DRAGON\u2019S EYE (7 pcs)<\/h3>\n<p>Carrot, green onion, salmon, tilapia, red caviar, lightly fried[\/vc_column_text][\/vc_column_inner][vc_column_inner width=&#8221;1\/6&#8243;][vc_column_text css=&#8221;&#8221;]13.95[\/vc_column_text][\/vc_column_inner][\/vc_row_inner][vc_separator][vc_row_inner][vc_column_inner width=&#8221;5\/6&#8243;][vc_column_text]<\/p>\n<h3>PHILLY (7 mcx)<\/h3>\n<p>Saumon fum\u00e9, goberge, avocat, fromage \u00e0 la cr\u00e8me, masago rouge, friture l\u00e9g\u00e8re[\/vc_column_text][\/vc_column_inner][vc_column_inner width=&#8221;1\/6&#8243;][vc_column_text css=&#8221;&#8221;]14.95[\/vc_column_text][\/vc_column_inner][\/vc_row_inner][vc_separator][vc_row_inner][vc_column_inner width=&#8221;5\/6&#8243;][vc_column_text]<\/p>\n<h3>PHILLY (7 pcs)<\/h3>\n<p>Smoked salmon, crab stick, avocado, cream cheese, red caviar, lightly fried[\/vc_column_text][\/vc_column_inner][vc_column_inner width=&#8221;1\/6&#8243;][vc_column_text css=&#8221;&#8221;]14.95[\/vc_column_text][\/vc_column_inner][\/vc_row_inner][vc_separator][vc_row_inner][vc_column_inner width=&#8221;5\/6&#8243;][vc_column_text]<\/p>\n<h3>SUSHI PIZZA (6 pcs)<\/h3>\n<p>Crispy rice cake, crab meat, crab stick, lettuce, red caviar, spicy mayo[\/vc_column_text][\/vc_column_inner][vc_column_inner width=&#8221;1\/6&#8243;][vc_column_text css=&#8221;&#8221;]13.95[\/vc_column_text][\/vc_column_inner][\/vc_row_inner][vc_separator][vc_row_inner][vc_column_inner width=&#8221;5\/6&#8243;][vc_column_text]<\/p>\n<h3>HOUSE PIZZA (6 pcs)<\/h3>\n<p>Crispy rice cake, tuna, salmon, tomato, green onions, red caviar, spicy mayo[\/vc_column_text][\/vc_column_inner][vc_column_inner width=&#8221;1\/6&#8243;][vc_column_text css=&#8221;&#8221;]19.95[\/vc_column_text][\/vc_column_inner][\/vc_row_inner][vc_separator][vc_row_inner][vc_column_inner width=&#8221;5\/6&#8243;][vc_column_text]<\/p>\n<h3>VEGGIE PIZZA (6 pcs)<\/h3>\n<p>Crispy rice cake, red pepper, mushrooms, onions, avocado, tempura, spicy mayo[\/vc_column_text][\/vc_column_inner][vc_column_inner width=&#8221;1\/6&#8243;][vc_column_text css=&#8221;&#8221;]17.95[\/vc_column_text][\/vc_column_inner][\/vc_row_inner][vc_separator][vc_row_inner][vc_column_inner width=&#8221;5\/6&#8243;][vc_column_text]<\/p>\n<h3>SAKURA (7 pcs)<\/h3>\n<p>Shrimp tempura, cream cheese, crab stick, crab meat, green onions, red caviar, spicy mayo, lightly fried[\/vc_column_text][\/vc_column_inner][vc_column_inner width=&#8221;1\/6&#8243;][vc_column_text css=&#8221;&#8221;]18.95[\/vc_column_text][\/vc_column_inner][\/vc_row_inner][vc_separator][vc_row_inner][vc_column_inner width=&#8221;5\/6&#8243;][vc_column_text]<\/p>\n<h3>KAZAN (7 pcs)<\/h3>\n<p>Shrimp tempura, avocado, salmon, green onions, red caviar, spicy mayo, lightly fried[\/vc_column_text][\/vc_column_inner][vc_column_inner width=&#8221;1\/6&#8243;][vc_column_text css=&#8221;&#8221;]18.95[\/vc_column_text][\/vc_column_inner][\/vc_row_inner][vc_separator][vc_row_inner][vc_column_inner width=&#8221;5\/6&#8243;][vc_column_text]<\/p>\n<h3>SALMON TARTAR (6 pcs)<\/h3>\n<p>A mix of salmon, tomato, green onions, tempura, red caviar, spicy mayo, presented on a bed of rice[\/vc_column_text][\/vc_column_inner][vc_column_inner width=&#8221;1\/6&#8243;][vc_column_text css=&#8221;&#8221;]18.95[\/vc_column_text][\/vc_column_inner][\/vc_row_inner][vc_separator][vc_row_inner][vc_column_inner width=&#8221;5\/6&#8243;][vc_column_text]<\/p>\n<h3>MAKI TARTAR (8 pcs)<\/h3>\n<p>Miso paper, tuna, salmon, tomato, green onioins, tempura, red caviar, spicy mayo[\/vc_column_text][\/vc_column_inner][vc_column_inner width=&#8221;1\/6&#8243;][vc_column_text css=&#8221;&#8221;]19.95[\/vc_column_text][\/vc_column_inner][\/vc_row_inner][vc_separator][vc_row_inner][vc_column_inner width=&#8221;5\/6&#8243;][vc_column_text]<\/p>\n<h3>LOBSTER (8 pcs)<\/h3>\n<p>Miso paper, lobster, aspargus, cucumber, pepper, red caviar, served with a creamy mayonnaise sauce[\/vc_column_text][\/vc_column_inner][vc_column_inner width=&#8221;1\/6&#8243;][vc_column_text css=&#8221;&#8221;]19.95[\/vc_column_text][\/vc_column_inner][\/vc_row_inner][vc_separator][vc_row_inner][vc_column_inner width=&#8221;5\/6&#8243;][vc_column_text]<\/p>\n<h3>LOVER (8 pcs)<\/h3>\n<p>Miso paper, shrimp tempura, salmon, avocado, cream cheese, red caviar[\/vc_column_text][\/vc_column_inner][vc_column_inner width=&#8221;1\/6&#8243;][vc_column_text css=&#8221;&#8221;]18.95[\/vc_column_text][\/vc_column_inner][\/vc_row_inner][vc_separator][vc_row_inner][vc_column_inner width=&#8221;5\/6&#8243;][vc_column_text]<\/p>\n<h3>OH LA LA (8 mcx)<\/h3>\n<p>Miso paper, shrimp tempura, salmon, crab stick, red caviar[\/vc_column_text][\/vc_column_inner][vc_column_inner width=&#8221;1\/6&#8243;][vc_column_text css=&#8221;&#8221;]18.95[\/vc_column_text][\/vc_column_inner][\/vc_row_inner][vc_separator][vc_row_inner][vc_column_inner width=&#8221;5\/6&#8243;][vc_column_text]<\/p>\n<h3>ROULEAU MISO (8 pcs)<\/h3>\n<p>Miso paper, smoked salmon, cucumber, avocado, shrimp tempura, red caviar[\/vc_column_text][\/vc_column_inner][vc_column_inner width=&#8221;1\/6&#8243;][vc_column_text css=&#8221;&#8221;]18.95[\/vc_column_text][\/vc_column_inner][\/vc_row_inner][vc_separator][vc_row_inner][vc_column_inner width=&#8221;5\/6&#8243;][vc_column_text]<\/p>\n<h3>MASAKO (6 pcs)<\/h3>\n<p>Rice paper, smoked salmon, crab stick, avocado, cucumber, tempura, red caviar[\/vc_column_text][\/vc_column_inner][vc_column_inner width=&#8221;1\/6&#8243;][vc_column_text css=&#8221;&#8221;]14.95[\/vc_column_text][\/vc_column_inner][\/vc_row_inner][vc_separator][vc_row_inner][vc_column_inner width=&#8221;5\/6&#8243;][vc_column_text]<\/p>\n<h3>TEMPURA SASHIMI (no rice \/ 5 pcs)<\/h3>\n<p>Tuna and salmon rolled in seaweed paper battered and lightly fried, served with a sweet and sour sauce (no rice)[\/vc_column_text][\/vc_column_inner][vc_column_inner width=&#8221;1\/6&#8243;][vc_column_text css=&#8221;&#8221;]15.95[\/vc_column_text][\/vc_column_inner][\/vc_row_inner][vc_separator][vc_row_inner][vc_column_inner width=&#8221;5\/6&#8243;][vc_column_text]<\/p>\n<h3>GEISHA (no rice \/ 6 pcs)<\/h3>\n<p>Rice paper, red tuna, crab stick, cucumber, avocado, red caviar (no rice)[\/vc_column_text][\/vc_column_inner][vc_column_inner width=&#8221;1\/6&#8243;][vc_column_text css=&#8221;&#8221;]19.95[\/vc_column_text][\/vc_column_inner][\/vc_row_inner][vc_separator][vc_row_inner][vc_column_inner width=&#8221;5\/6&#8243;][vc_column_text]<\/p>\n<h3>ATLANTIC (no rice \/ 6 pcs)<\/h3>\n<p>Rice paper, salmon, crab stick, cucumber, avocado, red caviar (no rice)[\/vc_column_text][\/vc_column_inner][vc_column_inner width=&#8221;1\/6&#8243;][vc_column_text css=&#8221;&#8221;]19.95[\/vc_column_text][\/vc_column_inner][\/vc_row_inner][vc_separator][vc_row_inner][vc_column_inner width=&#8221;5\/6&#8243;][vc_column_text]<\/p>\n<h3>SPRING VEGGIE (no rice \/ 2 pcs)<\/h3>\n<p>Rice paper, cucumber, avocado, lettuce, radish, red pepper, carrot (no rice)[\/vc_column_text][\/vc_column_inner][vc_column_inner width=&#8221;1\/6&#8243;][vc_column_text css=&#8221;&#8221;]10.95[\/vc_column_text][\/vc_column_inner][\/vc_row_inner][vc_separator][vc_row_inner][vc_column_inner width=&#8221;5\/6&#8243;][vc_column_text]<\/p>\n<h3>SPRING MAKI (2 pcs)<\/h3>\n<p>Rice paper with shrimp or chicken tempura, crab stick, cucumber, carrot, and lettuce served with home made peanut sauce[\/vc_column_text][\/vc_column_inner][vc_column_inner width=&#8221;1\/6&#8243;][vc_column_text css=&#8221;&#8221;]10.95[\/vc_column_text][\/vc_column_inner][\/vc_row_inner][\/vc_column][\/vc_row]<\/p>\n<\/div>","protected":false},"excerpt":{"rendered":"<p>[vc_row][vc_column][vc_row_inner][vc_column_inner width=&#8221;5\/6&#8243;][vc_column_text] SNOWBALL Crispy bite sized pieces of shrimp tempura, coated with a creamy wasabi mayonnaise, topped with green onions, mango and sesame seeds[\/vc_column_text][\/vc_column_inner][vc_column_inner width=&#8221;1\/6&#8243;][vc_column_text css=&#8221;&#8221;]18.95[\/vc_column_text][\/vc_column_inner][\/vc_row_inner][vc_separator][vc_row_inner][vc_column_inner width=&#8221;5\/6&#8243;][vc_column_text] DRAGON\u2019S EYE (7 pcs) Carrot, green onion, salmon, tilapia, red caviar, lightly fried[\/vc_column_text][\/vc_column_inner][vc_column_inner width=&#8221;1\/6&#8243;][vc_column_text css=&#8221;&#8221;]13.95[\/vc_column_text][\/vc_column_inner][\/vc_row_inner][vc_separator][vc_row_inner][vc_column_inner width=&#8221;5\/6&#8243;][vc_column_text] PHILLY (7 mcx) Saumon fum\u00e9, goberge, avocat, fromage \u00e0 la cr\u00e8me, masago&hellip;<\/p>\n","protected":false},"author":1,"featured_media":0,"parent":0,"menu_order":0,"comment_status":"closed","ping_status":"closed","template":"","meta":{"footnotes":""},"class_list":["post-234","page","type-page","status-publish","hentry","description-off"],"yoast_head":"<!-- This site is optimized with the Yoast SEO plugin v27.4 - https:\/\/yoast.com\/product\/yoast-seo-wordpress\/ -->\n<title>Chef&#039;s Specialties - Masako Plus Sushi | St-Jean-Sur-Richelieu Qu\u00e9bec<\/title>\n<meta name=\"robots\" content=\"index, follow, max-snippet:-1, max-image-preview:large, max-video-preview:-1\" \/>\n<link rel=\"canonical\" href=\"https:\/\/masakosushibar.ca\/en\/chefs-specialties\/\" \/>\n<meta property=\"og:locale\" content=\"en_US\" \/>\n<meta property=\"og:type\" content=\"article\" \/>\n<meta property=\"og:title\" content=\"Chef&#039;s Specialties - Masako Plus Sushi | St-Jean-Sur-Richelieu Qu\u00e9bec\" \/>\n<meta property=\"og:description\" content=\"[vc_row][vc_column][vc_row_inner][vc_column_inner width=&#8221;5\/6&#8243;][vc_column_text] SNOWBALL Crispy bite sized pieces of shrimp tempura, coated with a creamy wasabi mayonnaise, topped with green onions, mango and sesame seeds[\/vc_column_text][\/vc_column_inner][vc_column_inner width=&#8221;1\/6&#8243;][vc_column_text css=&#8221;&#8221;]18.95[\/vc_column_text][\/vc_column_inner][\/vc_row_inner][vc_separator][vc_row_inner][vc_column_inner width=&#8221;5\/6&#8243;][vc_column_text] DRAGON\u2019S EYE (7 pcs) Carrot, green onion, salmon, tilapia, red caviar, lightly fried[\/vc_column_text][\/vc_column_inner][vc_column_inner width=&#8221;1\/6&#8243;][vc_column_text css=&#8221;&#8221;]13.95[\/vc_column_text][\/vc_column_inner][\/vc_row_inner][vc_separator][vc_row_inner][vc_column_inner width=&#8221;5\/6&#8243;][vc_column_text] PHILLY (7 mcx) Saumon fum\u00e9, goberge, avocat, fromage \u00e0 la cr\u00e8me, masago&hellip;\" \/>\n<meta property=\"og:url\" content=\"https:\/\/masakosushibar.ca\/en\/chefs-specialties\/\" \/>\n<meta property=\"og:site_name\" content=\"Masako Plus Sushi | St-Jean-Sur-Richelieu Qu\u00e9bec\" \/>\n<meta property=\"article:modified_time\" content=\"2026-04-22T17:18:35+00:00\" \/>\n<meta name=\"twitter:card\" content=\"summary_large_image\" \/>\n<meta name=\"twitter:label1\" content=\"Est. reading time\" \/>\n\t<meta name=\"twitter:data1\" content=\"2 minutes\" \/>\n<script type=\"application\/ld+json\" class=\"yoast-schema-graph\">{\"@context\":\"https:\\\/\\\/schema.org\",\"@graph\":[{\"@type\":\"WebPage\",\"@id\":\"https:\\\/\\\/masakosushibar.ca\\\/en\\\/chefs-specialties\\\/\",\"url\":\"https:\\\/\\\/masakosushibar.ca\\\/en\\\/chefs-specialties\\\/\",\"name\":\"Chef's Specialties - Masako Plus Sushi | St-Jean-Sur-Richelieu Qu\u00e9bec\",\"isPartOf\":{\"@id\":\"https:\\\/\\\/masakosushibar.ca\\\/en\\\/#website\"},\"datePublished\":\"2021-07-15T14:11:49+00:00\",\"dateModified\":\"2026-04-22T17:18:35+00:00\",\"breadcrumb\":{\"@id\":\"https:\\\/\\\/masakosushibar.ca\\\/en\\\/chefs-specialties\\\/#breadcrumb\"},\"inLanguage\":\"en-US\",\"potentialAction\":[{\"@type\":\"ReadAction\",\"target\":[\"https:\\\/\\\/masakosushibar.ca\\\/en\\\/chefs-specialties\\\/\"]}]},{\"@type\":\"BreadcrumbList\",\"@id\":\"https:\\\/\\\/masakosushibar.ca\\\/en\\\/chefs-specialties\\\/#breadcrumb\",\"itemListElement\":[{\"@type\":\"ListItem\",\"position\":1,\"name\":\"Home\",\"item\":\"https:\\\/\\\/masakosushibar.ca\\\/en\\\/\"},{\"@type\":\"ListItem\",\"position\":2,\"name\":\"Chef&#8217;s Specialties\"}]},{\"@type\":\"WebSite\",\"@id\":\"https:\\\/\\\/masakosushibar.ca\\\/en\\\/#website\",\"url\":\"https:\\\/\\\/masakosushibar.ca\\\/en\\\/\",\"name\":\"Masako Plus Sushi | St-Jean-Sur-Richelieu Qu\u00e9bec\",\"description\":\"Restaurant Japonaise \u00e0 St-Jean-Sur-Richelieu\",\"potentialAction\":[{\"@type\":\"SearchAction\",\"target\":{\"@type\":\"EntryPoint\",\"urlTemplate\":\"https:\\\/\\\/masakosushibar.ca\\\/en\\\/?s={search_term_string}\"},\"query-input\":{\"@type\":\"PropertyValueSpecification\",\"valueRequired\":true,\"valueName\":\"search_term_string\"}}],\"inLanguage\":\"en-US\"}]}<\/script>\n<!-- \/ Yoast SEO plugin. -->","yoast_head_json":{"title":"Chef's Specialties - Masako Plus Sushi | St-Jean-Sur-Richelieu Qu\u00e9bec","robots":{"index":"index","follow":"follow","max-snippet":"max-snippet:-1","max-image-preview":"max-image-preview:large","max-video-preview":"max-video-preview:-1"},"canonical":"https:\/\/masakosushibar.ca\/en\/chefs-specialties\/","og_locale":"en_US","og_type":"article","og_title":"Chef's Specialties - Masako Plus Sushi | St-Jean-Sur-Richelieu Qu\u00e9bec","og_description":"[vc_row][vc_column][vc_row_inner][vc_column_inner width=&#8221;5\/6&#8243;][vc_column_text] SNOWBALL Crispy bite sized pieces of shrimp tempura, coated with a creamy wasabi mayonnaise, topped with green onions, mango and sesame seeds[\/vc_column_text][\/vc_column_inner][vc_column_inner width=&#8221;1\/6&#8243;][vc_column_text css=&#8221;&#8221;]18.95[\/vc_column_text][\/vc_column_inner][\/vc_row_inner][vc_separator][vc_row_inner][vc_column_inner width=&#8221;5\/6&#8243;][vc_column_text] DRAGON\u2019S EYE (7 pcs) Carrot, green onion, salmon, tilapia, red caviar, lightly fried[\/vc_column_text][\/vc_column_inner][vc_column_inner width=&#8221;1\/6&#8243;][vc_column_text css=&#8221;&#8221;]13.95[\/vc_column_text][\/vc_column_inner][\/vc_row_inner][vc_separator][vc_row_inner][vc_column_inner width=&#8221;5\/6&#8243;][vc_column_text] PHILLY (7 mcx) Saumon fum\u00e9, goberge, avocat, fromage \u00e0 la cr\u00e8me, masago&hellip;","og_url":"https:\/\/masakosushibar.ca\/en\/chefs-specialties\/","og_site_name":"Masako Plus Sushi | St-Jean-Sur-Richelieu Qu\u00e9bec","article_modified_time":"2026-04-22T17:18:35+00:00","twitter_card":"summary_large_image","twitter_misc":{"Est. reading time":"2 minutes"},"schema":{"@context":"https:\/\/schema.org","@graph":[{"@type":"WebPage","@id":"https:\/\/masakosushibar.ca\/en\/chefs-specialties\/","url":"https:\/\/masakosushibar.ca\/en\/chefs-specialties\/","name":"Chef's Specialties - Masako Plus Sushi | St-Jean-Sur-Richelieu Qu\u00e9bec","isPartOf":{"@id":"https:\/\/masakosushibar.ca\/en\/#website"},"datePublished":"2021-07-15T14:11:49+00:00","dateModified":"2026-04-22T17:18:35+00:00","breadcrumb":{"@id":"https:\/\/masakosushibar.ca\/en\/chefs-specialties\/#breadcrumb"},"inLanguage":"en-US","potentialAction":[{"@type":"ReadAction","target":["https:\/\/masakosushibar.ca\/en\/chefs-specialties\/"]}]},{"@type":"BreadcrumbList","@id":"https:\/\/masakosushibar.ca\/en\/chefs-specialties\/#breadcrumb","itemListElement":[{"@type":"ListItem","position":1,"name":"Home","item":"https:\/\/masakosushibar.ca\/en\/"},{"@type":"ListItem","position":2,"name":"Chef&#8217;s Specialties"}]},{"@type":"WebSite","@id":"https:\/\/masakosushibar.ca\/en\/#website","url":"https:\/\/masakosushibar.ca\/en\/","name":"Masako Plus Sushi | St-Jean-Sur-Richelieu Qu\u00e9bec","description":"Restaurant Japonaise \u00e0 St-Jean-Sur-Richelieu","potentialAction":[{"@type":"SearchAction","target":{"@type":"EntryPoint","urlTemplate":"https:\/\/masakosushibar.ca\/en\/?s={search_term_string}"},"query-input":{"@type":"PropertyValueSpecification","valueRequired":true,"valueName":"search_term_string"}}],"inLanguage":"en-US"}]}},"_links":{"self":[{"href":"https:\/\/masakosushibar.ca\/en\/wp-json\/wp\/v2\/pages\/234","targetHints":{"allow":["GET"]}}],"collection":[{"href":"https:\/\/masakosushibar.ca\/en\/wp-json\/wp\/v2\/pages"}],"about":[{"href":"https:\/\/masakosushibar.ca\/en\/wp-json\/wp\/v2\/types\/page"}],"author":[{"embeddable":true,"href":"https:\/\/masakosushibar.ca\/en\/wp-json\/wp\/v2\/users\/1"}],"replies":[{"embeddable":true,"href":"https:\/\/masakosushibar.ca\/en\/wp-json\/wp\/v2\/comments?post=234"}],"version-history":[{"count":7,"href":"https:\/\/masakosushibar.ca\/en\/wp-json\/wp\/v2\/pages\/234\/revisions"}],"predecessor-version":[{"id":565,"href":"https:\/\/masakosushibar.ca\/en\/wp-json\/wp\/v2\/pages\/234\/revisions\/565"}],"wp:attachment":[{"href":"https:\/\/masakosushibar.ca\/en\/wp-json\/wp\/v2\/media?parent=234"}],"curies":[{"name":"wp","href":"https:\/\/api.w.org\/{rel}","templated":true}]}}